{"id":134,"date":"2023-03-27T11:57:17","date_gmt":"2023-03-27T09:57:17","guid":{"rendered":"https:\/\/spinefoundation.info\/en\/?page_id=134"},"modified":"2023-03-27T11:59:53","modified_gmt":"2023-03-27T09:59:53","slug":"doctoral-theses","status":"publish","type":"page","link":"https:\/\/spinefoundation.info\/en\/doctoral-theses","title":{"rendered":"Doctoral Theses"},"content":{"rendered":"\n<p class=\"has-text-color\" style=\"color:#dc143c\"><strong>Doctoral Theses<\/strong><\/p>\n\n\n<table cellspacing=\"0\" cellpadding=\"0\" border=\"1\">\n<tbody>\n<tr>\n<td style=\"vertical-align: top; width: 16%; padding: 3px;\"><strong>DOCTORAL THESES<br>in cooperation with <br>the Charit\u00e9 - Universit\u00e4tsmedizin Berlin,<br>Department of Orthopedic Surgery and Traumatology<\/strong><\/td>\n<td style=\"vertical-align: top; width: 26%; padding: 3px;\"><strong>Topics (working titles) and doctoral student data<\/strong><\/td>\n<td style=\"vertical-align: top; width: 50%; padding: 3px;\"><strong>Short description<\/strong><\/td>\n<td style=\"vertical-align: top; width: 4%; padding: 3px;\"><strong>Anticipated time frame<\/strong><\/td>\n<td style=\"vertical-align: top; width: 4%; padding: 3px;\"><strong>Supervision of theses<\/strong><\/td>\n<\/tr>\n<tr>\n<td rowspan=\"8\" style=\"vertical-align: top; padding: 3px;\">with support from the B\u00fcttner-Janz Spinefoundation<\/td>\n<td style=\"padding: 3px; vertical-align: top;\">1. The Human Spine in Facts and Figures: diagnostic techniques and methods. <br><strong>Doctoral student:<\/strong><\/td>\n<td rowspan=\"8\" style=\"vertical-align: top; padding: 3px;\">\n<p>Each thesis is an independent work of scientific research reviewing relevant international publications as single studies on the given topic of the spine and providing structured documentation, statistical and other evaluations within the online Meta-analyses-DataBase (MeDaBa). <\/p>\n<p>The MeDaBa is accessible via the website of the B\u00fcttner-Janz Spinefoundation&nbsp; <a href=\"https:\/\/spinefoundation.info\/en\/meta-analyses-database\">https:\/\/spinefoundation.info\/en\/meta-analyses-database<\/a> and was developed in collaboration with an IT specialist and a statistician \/ epidemiologist of the Charit\u00e9 - Universit\u00e4tsmedizin Berlin.<\/p>\n<p><span class=\"Y2IQFc\" lang=\"en\">The thesis leads to new results in the field and at the same time shows whether further studies are required.<\/span><\/p>\n<p>Support will be provided by the B\u00fcttner-Janz Spinefoundation and will cover all needed activities, including procuring of literature (e.g. selected books with important study results), and consultation of statistic specialists.<\/p>\n<p>The MeDaBa will be made available as an international source of valuable information for those in the medical professions, scientists, spine patients, the spinal industry, health insurance providers and other interested users. It will be possible to set up further scientific work.<\/p>\n<\/td>\n<td rowspan=\"8\" style=\"vertical-align: top; padding: 3px;\">It is planned that the theses will be completed within a period of approx. two years.<p><\/p>\n<p><\/p><\/td>\n<td rowspan=\"8\" style=\"vertical-align: top; padding: 3px;\">First thesis supervisor:<br> Prof. Dr. Karin B\u00fcttner-Janz, MBA, Extraordinary Professor at Charit\u00e9 - Universit\u00e4tsmedizin Berlin<p><\/p>\n<p> buettner-janz@spinefoundation.info<\/p><\/td>\n<\/tr>\n<tr>\n<td style=\"padding: 3px; vertical-align: top;\">2. The human spine in Facts and Figures: surgical treatment after spine accidents.<br><strong>Doctoral student:<\/strong><\/td>\n<\/tr>\n<tr>\n<td style=\"padding: 3px; vertical-align: top;\">3. The Human Spine in Facts and Figures: surgical treatment: tumors, osteoporosis.<br><strong>Doctoral student: <br><\/strong><\/td>\n<\/tr>\n<tr>\n<td style=\"padding: 3px; vertical-align: top;\">4. The Human Spine in Facts and Figures: surgical treatment: degenerative changes.<br><strong>Doctoral student S.A.J.L.: publication has taken place. M.K. 26 years<br><\/strong><\/td>\n<\/tr>\n<tr>\n<td style=\"padding: 3px; vertical-align: top;\">5. The Human Spine in Facts and Figures: surgical treatment: deformity, malformation, infection, others.<br><strong>Doctoral student: <br><\/strong><\/td>\n<\/tr>\n<tr>\n<td style=\"padding: 3px; vertical-align: top;\">6. The Human Spine in Facts and Figures: conservative treatment with injections.<br><strong>Doctoral student:<br><\/strong><\/td>\n<\/tr>\n<tr>\n<td style=\"padding: 3px; vertical-align: top;\">7. The Human Spine in Facts and Figures: conservative treatment without injections.<br><strong>Doctoral student: L.B. 26 years <br><\/strong><\/td>\n<\/tr>\n<tr>\n<td style=\"padding: 3px; vertical-align: top;\">8. The Human Spine in Facts and Figures: biomechanical findings. <strong>Doctoral student T.B.: successfully completed.<\/strong><strong><strong><br><\/strong><\/strong><\/td>\n<\/tr>\n<\/tbody>\n<\/table>","protected":false},"excerpt":{"rendered":"<p>Doctoral Theses DOCTORAL THESESin cooperation with the Charit\u00e9 - Universit\u00e4tsmedizin Berlin,Department of Orthopedic Surgery and Traumatology Topics (working titles) and doctoral student data Short description Anticipated time frame Supervision of theses with support from the B\u00fcttner-Janz Spinefoundation 1. The Human Spine in Facts and Figures: diagnostic techniques and methods. Doctoral student: Each thesis is an [&hellip;]<\/p>\n","protected":false},"author":1,"featured_media":0,"parent":0,"menu_order":0,"comment_status":"closed","ping_status":"closed","template":"","meta":[],"_links":{"self":[{"href":"https:\/\/spinefoundation.info\/en\/wp-json\/wp\/v2\/pages\/134"}],"collection":[{"href":"https:\/\/spinefoundation.info\/en\/wp-json\/wp\/v2\/pages"}],"about":[{"href":"https:\/\/spinefoundation.info\/en\/wp-json\/wp\/v2\/types\/page"}],"author":[{"embeddable":true,"href":"https:\/\/spinefoundation.info\/en\/wp-json\/wp\/v2\/users\/1"}],"replies":[{"embeddable":true,"href":"https:\/\/spinefoundation.info\/en\/wp-json\/wp\/v2\/comments?post=134"}],"version-history":[{"count":3,"href":"https:\/\/spinefoundation.info\/en\/wp-json\/wp\/v2\/pages\/134\/revisions"}],"predecessor-version":[{"id":139,"href":"https:\/\/spinefoundation.info\/en\/wp-json\/wp\/v2\/pages\/134\/revisions\/139"}],"wp:attachment":[{"href":"https:\/\/spinefoundation.info\/en\/wp-json\/wp\/v2\/media?parent=134"}],"curies":[{"name":"wp","href":"https:\/\/api.w.org\/{rel}","templated":true}]}}