{"id":44,"date":"2022-11-29T01:12:10","date_gmt":"2022-11-29T00:12:10","guid":{"rendered":"https:\/\/spinefoundation.info\/en\/?page_id=44"},"modified":"2022-12-01T16:24:20","modified_gmt":"2022-12-01T15:24:20","slug":"your-donation","status":"publish","type":"page","link":"https:\/\/spinefoundation.info\/en\/your-donation","title":{"rendered":"Your Donation"},"content":{"rendered":"\n<p class=\"has-text-color\" style=\"color:#dc143c\"><strong><strong>Do something good today \u2013 support our projects!<\/strong><\/strong><\/p>\n\n\n\n<p>Thank you for your interest in supporting the work of the not-for-profit B\u00fcttner-Janz Spinefoundation!<br><br>Please choose:<\/p>\n\n\n\n<p><strong>1. Bank transfer to the donation account of the B\u00fcttner-Janz Spinefoundation:<\/strong><\/p>\n\n\n\n<p>The bank details are:<\/p>\n\n\n\n<div class=\"wp-block-columns is-layout-flex wp-container-3\">\n<div class=\"wp-block-column is-layout-flow\" style=\"flex-basis:33.33%\">\n<p>Account holder:<br>Name of the bank:<br>Address of the bank:<br>Account data:<br><\/p>\n<\/div>\n\n\n\n<div class=\"wp-block-column is-layout-flow\" style=\"flex-basis:66.66%\">\n<p>B\u00fcttner-Janz Spinefoundation<br>Bank f\u00fcr Sozialwirtschaft<br>Oranienburger Strasse 13\/14, 10178 Berlin, Germany<br>BIC (S.W.I.F.T.-Code): BFSWDE33BER<br>IBAN: DE21100205000001298900<\/p>\n<\/div>\n<\/div>\n\n\n\n<p>Please let us know if you would like to receive a donation receipt for tax purposes. You can use our e-mail address <a href=\"mailto:contact@spinefoundation.info\">contact@spinefoundation.info<\/a> or our contact form:<\/p>\n\n\n<div class=\"wp-block-image\">\n<figure class=\"aligncenter\"><a href=\"\/en\/contact-us\"><img decoding=\"async\" src=\"https:\/\/spinefoundation.info\/wp-content\/uploads\/briefsymbol.png\" alt=\"\"\/><\/a><\/figure><\/div>\n\n\n<p>Our mail address you can find on the Website Information (imprint).<\/p>\n\n\n\n<p><strong>2. Online donation to the donation account of the B\u00fcttner-Janz Spinefoundation (5\u20ac - 1.000\u20ac):<\/strong><\/p>\n\n\n\n<p>&nbsp;&nbsp;&nbsp;&nbsp;Please click on the icon for your online donation:<\/p>\n\n\n<div class=\"wp-block-image\">\n<figure class=\"aligncenter size-full\"><a href=\"https:\/\/secure.spendenbank.de\/form\/2273?langid=2\" target=\"_blank\" rel=\"noreferrer noopener\"><img decoding=\"async\" loading=\"lazy\" width=\"150\" height=\"30\" src=\"https:\/\/spinefoundation.info\/en\/wp-content\/uploads\/sites\/3\/bfs_logo_v15.png\" alt=\"\" class=\"wp-image-82\"\/><\/a><\/figure><\/div>\n\n\n<p>Please consider&nbsp;the advice for&nbsp;a&nbsp;donation receipt&nbsp;below&nbsp;<strong>1.<\/strong><\/p>\n\n\n\n<p>Please kindly note:&nbsp;<strong>This direct online-donation can only be executed in the German bank network<\/strong>.<\/p>\n","protected":false},"excerpt":{"rendered":"<p>Do something good today \u2013 support our projects! Thank you for your interest in supporting the work of the not-for-profit B\u00fcttner-Janz Spinefoundation! Please choose: 1. Bank transfer to the donation account of the B\u00fcttner-Janz Spinefoundation: The bank details are: Account holder:Name of the bank:Address of the bank:Account data: B\u00fcttner-Janz SpinefoundationBank f\u00fcr SozialwirtschaftOranienburger Strasse 13\/14, 10178 [&hellip;]<\/p>\n","protected":false},"author":1,"featured_media":0,"parent":0,"menu_order":0,"comment_status":"closed","ping_status":"closed","template":"","meta":[],"_links":{"self":[{"href":"https:\/\/spinefoundation.info\/en\/wp-json\/wp\/v2\/pages\/44"}],"collection":[{"href":"https:\/\/spinefoundation.info\/en\/wp-json\/wp\/v2\/pages"}],"about":[{"href":"https:\/\/spinefoundation.info\/en\/wp-json\/wp\/v2\/types\/page"}],"author":[{"embeddable":true,"href":"https:\/\/spinefoundation.info\/en\/wp-json\/wp\/v2\/users\/1"}],"replies":[{"embeddable":true,"href":"https:\/\/spinefoundation.info\/en\/wp-json\/wp\/v2\/comments?post=44"}],"version-history":[{"count":9,"href":"https:\/\/spinefoundation.info\/en\/wp-json\/wp\/v2\/pages\/44\/revisions"}],"predecessor-version":[{"id":112,"href":"https:\/\/spinefoundation.info\/en\/wp-json\/wp\/v2\/pages\/44\/revisions\/112"}],"wp:attachment":[{"href":"https:\/\/spinefoundation.info\/en\/wp-json\/wp\/v2\/media?parent=44"}],"curies":[{"name":"wp","href":"https:\/\/api.w.org\/{rel}","templated":true}]}}