{"id":64,"date":"2022-11-29T02:50:20","date_gmt":"2022-11-29T01:50:20","guid":{"rendered":"https:\/\/spinefoundation.info\/en\/?page_id=64"},"modified":"2022-12-01T15:58:03","modified_gmt":"2022-12-01T14:58:03","slug":"website-info","status":"publish","type":"page","link":"https:\/\/spinefoundation.info\/en\/website-info","title":{"rendered":"Imprint"},"content":{"rendered":"\n<p><strong>Website information<\/strong><\/p>\n\n\n\n<h3 class=\"wp-block-heading\">B\u00fcttner-Janz Spinefoundation<\/h3>\n\n\n\n<p><strong>Meinekestrasse 6<\/strong><br><strong>10719 Berlin<\/strong><br><strong>Germany<\/strong><\/p>\n\n\n\n<p>www.spinefoundation.info<br><a href=\"mailto:contact@spinefoundation.info\">contact@spinefoundation.info<\/a><br>&nbsp;<br>Director:<br>Prof. Dr. Karin B\u00fcttner-Janz, MBA<br><a href=\"mailto:buettner-janz@spinefoundation.info\">buettner-janz@spinefoundation.info<\/a><br><br><strong>Berlin-Charlottenburg district court, HRB 140979 B: B\u00fcttner-Janz Spinefoundation-Wirbels\u00e4ulenstiftung-gGmbH<\/strong><\/p>\n\n\n\n<h4 class=\"wp-block-heading\">Disclaimer<\/h4>\n\n\n\n<p>The B\u00fcttner-Janz Spinefoundation makes every effort to ensure that the information on its website and on all added parts including on the database is always accurate and up to date. It regularly amends and supplements the information as necessary and without prior notice. However, the B\u00fcttner-Janz Spinefoundation assumes no liability for the accuracy, currency and completeness of the information. Similarly, although the B\u00fcttner-Janz Spinefoundation thoroughly checks all external links, it assumes no liability for their content. The sole responsibility for the content lies with the operators of the linked sites.<\/p>\n\n\n\n<h4 class=\"wp-block-heading\">Copyright<\/h4>\n\n\n\n<p>The B\u00fcttner-Janz Spinefoundation website, including all texts, images and the database contained therein, is protected by copyright. Any use beyond the narrow bounds of German copyright law (Urheberrechtsgesetz) must be agreed with the B\u00fcttner-Janz Spinefoundation. Passing on the contents of this website and added parts including the database to third-parties for commercial gain is prohibited.<\/p>\n\n\n\n<h4 class=\"wp-block-heading\"><a href=\"https:\/\/spinefoundation.info\/en\/privacy\">Privacy Policy<\/a><\/h4>\n","protected":false},"excerpt":{"rendered":"<p>Website information B\u00fcttner-Janz Spinefoundation Meinekestrasse 610719 BerlinGermany www.spinefoundation.infocontact@spinefoundation.info&nbsp;Director:Prof. Dr. Karin B\u00fcttner-Janz, MBAbuettner-janz@spinefoundation.info Berlin-Charlottenburg district court, HRB 140979 B: B\u00fcttner-Janz Spinefoundation-Wirbels\u00e4ulenstiftung-gGmbH Disclaimer The B\u00fcttner-Janz Spinefoundation makes every effort to ensure that the information on its website and on all added parts including on the database is always accurate and up to date. It regularly amends and [&hellip;]<\/p>\n","protected":false},"author":1,"featured_media":0,"parent":0,"menu_order":0,"comment_status":"closed","ping_status":"closed","template":"","meta":[],"_links":{"self":[{"href":"https:\/\/spinefoundation.info\/en\/wp-json\/wp\/v2\/pages\/64"}],"collection":[{"href":"https:\/\/spinefoundation.info\/en\/wp-json\/wp\/v2\/pages"}],"about":[{"href":"https:\/\/spinefoundation.info\/en\/wp-json\/wp\/v2\/types\/page"}],"author":[{"embeddable":true,"href":"https:\/\/spinefoundation.info\/en\/wp-json\/wp\/v2\/users\/1"}],"replies":[{"embeddable":true,"href":"https:\/\/spinefoundation.info\/en\/wp-json\/wp\/v2\/comments?post=64"}],"version-history":[{"count":2,"href":"https:\/\/spinefoundation.info\/en\/wp-json\/wp\/v2\/pages\/64\/revisions"}],"predecessor-version":[{"id":101,"href":"https:\/\/spinefoundation.info\/en\/wp-json\/wp\/v2\/pages\/64\/revisions\/101"}],"wp:attachment":[{"href":"https:\/\/spinefoundation.info\/en\/wp-json\/wp\/v2\/media?parent=64"}],"curies":[{"name":"wp","href":"https:\/\/api.w.org\/{rel}","templated":true}]}}